{"id":6901,"date":"2025-10-24T22:19:09","date_gmt":"2025-10-24T22:19:09","guid":{"rendered":"https:\/\/www.hotelsuenoselsalvador.com\/?page_id=6901"},"modified":"2025-12-09T00:19:19","modified_gmt":"2025-12-09T06:19:19","slug":"politicas-hotel-suenos","status":"publish","type":"page","link":"https:\/\/www.hotelsuenoselsalvador.com\/en\/politicas-hotel-suenos\/","title":{"rendered":"Policies \u2013 Hotel Sue\u00f1os"},"content":{"rendered":"<div data-elementor-type=\"wp-page\" data-elementor-id=\"6901\" class=\"elementor elementor-6901\" data-elementor-post-type=\"page\">\n\t\t\t\t<div class=\"elementor-element elementor-element-89a2bd2 e-flex e-con-boxed e-con e-parent\" data-id=\"89a2bd2\" data-element_type=\"container\" data-e-type=\"container\">\n\t\t\t\t\t<div class=\"e-con-inner\">\n\t\t<div class=\"elementor-element elementor-element-6b86f8a e-con-full e-flex e-con e-child\" data-id=\"6b86f8a\" data-element_type=\"container\" data-e-type=\"container\">\n\t\t\t\t<div class=\"elementor-element elementor-element-2d78161 elementor-widget elementor-widget-heading\" data-id=\"2d78161\" data-element_type=\"widget\" data-e-type=\"widget\" id=\"policancel\" data-widget_type=\"heading.default\">\n\t\t\t\t\t<h4 class=\"elementor-heading-title elementor-size-default\">Late Cancellation \/ No-Show Policy\n<\/h4>\t\t\t\t<\/div>\n\t\t\t\t<div class=\"elementor-element elementor-element-323c7b1 elementor-widget elementor-widget-text-editor\" data-id=\"323c7b1\" data-element_type=\"widget\" data-e-type=\"widget\" data-widget_type=\"text-editor.default\">\n\t\t\t\t\t\t\t\t\t<p>If the guest does not cancel at least 48 hours before check-in and does not arrive on the scheduled date:<\/p><ul><li>The reservation will be marked as a No-Show.<\/li><li>The reservation will be automatically canceled the following day.<\/li><li>The room will be released for new guests.<\/li><\/ul>\t\t\t\t\t\t\t\t<\/div>\n\t\t\t\t<\/div>\n\t\t\t\t\t<\/div>\n\t\t\t\t<\/div>\n\t\t<div class=\"elementor-element elementor-element-33c423f e-flex e-con-boxed e-con e-parent\" data-id=\"33c423f\" data-element_type=\"container\" data-e-type=\"container\">\n\t\t\t\t\t<div class=\"e-con-inner\">\n\t\t<div class=\"elementor-element elementor-element-563f30f e-con-full e-flex e-con e-child\" data-id=\"563f30f\" data-element_type=\"container\" data-e-type=\"container\">\n\t\t\t\t<div class=\"elementor-element elementor-element-54fbe2c elementor-widget elementor-widget-heading\" data-id=\"54fbe2c\" data-element_type=\"widget\" data-e-type=\"widget\" id=\"polipriv\" data-widget_type=\"heading.default\">\n\t\t\t\t\t<h4 class=\"elementor-heading-title elementor-size-default\">Privacy Policy \u2013 Hotel Sue\u00f1os<\/h4>\t\t\t\t<\/div>\n\t\t\t\t<div class=\"elementor-element elementor-element-4a4afc6 elementor-widget elementor-widget-text-editor\" data-id=\"4a4afc6\" data-element_type=\"widget\" data-e-type=\"widget\" data-widget_type=\"text-editor.default\">\n\t\t\t\t\t\t\t\t\t<p>At Hotel Sue\u00f1os, we respect the privacy of our guests and are committed to protecting their personal information responsibly and securely.<\/p><p><strong>1. Information Collection<\/strong><br \/>We collect personal information solely for the purpose of processing reservations, payments, and improving the guest experience. This may include: name, email address, phone number, payment information, and stay preferences.<\/p><p><strong>2. <b>Use of Information<\/b><br \/><\/strong>The information provided is used exclusively to:<\/p><ul><li aria-level=\"1\">Confirm and manage reservations.<\/li><li aria-level=\"1\">Process payments through secure banking institutions.<\/li><li aria-level=\"1\">Send confirmations, reminders, or information related to your stay.<\/li><li aria-level=\"1\">Send newsletters or promotions from Hotel Sue\u00f1os (with prior consent).<\/li><\/ul><p><strong>3. Sharing with Third Parties<br \/><\/strong>Hotel Sue\u00f1os does not share, sell, or disclose personal information to third parties, except in the following cases:<\/p><ul><li aria-level=\"1\">When necessary to process a secure bank payment or transaction.<\/li><li aria-level=\"1\">When required by legal or judicial authorities, in compliance with the law.<\/li><\/ul><p><strong>4. <b>Information Protection<\/b><\/strong><br \/>We implement appropriate technical and organizational measures to protect information against unauthorized access, alteration, disclosure, or destruction.<\/p><p><strong>5. Consent<\/strong><br \/>By using our website or making a reservation, you agree to the terms of this privacy policy.<\/p><p><strong>6. <b>Updates<\/b><\/strong><br \/>Hotel Sue\u00f1os may update this policy periodically. Any changes will be published on our website with the date of the latest update.<\/p>\t\t\t\t\t\t\t\t<\/div>\n\t\t\t\t<\/div>\n\t\t\t\t\t<\/div>\n\t\t\t\t<\/div>\n\t\t<div class=\"elementor-element elementor-element-70138e3 e-flex e-con-boxed e-con e-parent\" data-id=\"70138e3\" data-element_type=\"container\" data-e-type=\"container\">\n\t\t\t\t\t<div class=\"e-con-inner\">\n\t\t<div class=\"elementor-element elementor-element-d9d92d1 e-con-full e-flex e-con e-child\" data-id=\"d9d92d1\" data-element_type=\"container\" data-e-type=\"container\">\n\t\t\t\t<div class=\"elementor-element elementor-element-4e2fb0f elementor-widget elementor-widget-heading\" data-id=\"4e2fb0f\" data-element_type=\"widget\" data-e-type=\"widget\" id=\"formpago\" data-widget_type=\"heading.default\">\n\t\t\t\t\t<h4 class=\"elementor-heading-title elementor-size-default\">Payment Methods \u2013 Hotel Sue\u00f1os<\/h4>\t\t\t\t<\/div>\n\t\t\t\t<div class=\"elementor-element elementor-element-8900205 elementor-widget elementor-widget-text-editor\" data-id=\"8900205\" data-element_type=\"widget\" data-e-type=\"widget\" data-widget_type=\"text-editor.default\">\n\t\t\t\t\t\t\t\t\t<p><span style=\"font-weight: 400;\">Hotel Sue\u00f1os accepts <\/span><b>all major credit and debit cards<\/b><span style=\"font-weight: 400;\">, including <\/span><b>Visa, Mastercard, and American Express<\/b><span style=\"font-weight: 400;\">, as well as <\/span><b>cash payments<\/b><span style=\"font-weight: 400;\"> at our premises.<\/span><\/p><p>To guarantee a reservation, a valid credit card must be provided at the time of booking.<\/p><p><b>Important:<\/b><\/p><ul><li><span style=\"font-weight: 400;\">The card <\/span>will not be charged <span style=\"font-weight: 400;\">until the day of <\/span>checkout<span style=\"font-weight: 400;\"><span style=\"font-weight: 400;\">, unless a late cancellation fee or no-show penalty applies.<br \/><\/span><\/span><\/li><li><span style=\"font-weight: 400;\">Upon <\/span>check-in<span style=\"font-weight: 400;\">, the guest must present <\/span>the same card used for the reservation<span style=\"font-weight: 400;\"> or a <\/span>new valid card<span style=\"font-weight: 400;\">, along with a <\/span>valid ID<span style=\"font-weight: 400;\">.<\/span><\/li><\/ul><p><span style=\"font-weight: 400;\">Hotel Sue\u00f1os reserves the right to <\/span>pre-authorize<span style=\"font-weight: 400;\"> the card prior to arrival to verify its validity.<\/span><\/p>\t\t\t\t\t\t\t\t<\/div>\n\t\t\t\t<\/div>\n\t\t\t\t\t<\/div>\n\t\t\t\t<\/div>\n\t\t<div class=\"elementor-element elementor-element-2b444fd e-flex e-con-boxed e-con e-parent\" data-id=\"2b444fd\" data-element_type=\"container\" data-e-type=\"container\">\n\t\t\t\t\t<div class=\"e-con-inner\">\n\t\t<div class=\"elementor-element elementor-element-d868db9 e-con-full e-flex e-con e-child\" data-id=\"d868db9\" data-element_type=\"container\" data-e-type=\"container\">\n\t\t\t\t<div class=\"elementor-element elementor-element-18e909d elementor-widget elementor-widget-heading\" data-id=\"18e909d\" data-element_type=\"widget\" data-e-type=\"widget\" id=\"normashotel\" data-widget_type=\"heading.default\">\n\t\t\t\t\t<h4 class=\"elementor-heading-title elementor-size-default\">Hotel Rules \u2013 Hotel Sue\u00f1os<\/h4>\t\t\t\t<\/div>\n\t\t\t\t<div class=\"elementor-element elementor-element-a81d4ed elementor-widget elementor-widget-text-editor\" data-id=\"a81d4ed\" data-element_type=\"widget\" data-e-type=\"widget\" data-widget_type=\"text-editor.default\">\n\t\t\t\t\t\t\t\t\t<p><span style=\"font-weight: 400;\">At <\/span><b>Hotel Sue\u00f1os<\/b><span style=\"font-weight: 400;\"> we strive to provide a pleasant, safe, and harmonious experience for all our guests. We appreciate your cooperation in following the general rules below during your stay.<br \/><\/span><\/p><p><b>Check-In and Check-Out<\/b><\/p><ul><li style=\"font-weight: 400;\" aria-level=\"1\"><b>Check-in:<\/b><span style=\"font-weight: 400;\"> 2:00 PM<\/span><\/li><li style=\"font-weight: 400;\" aria-level=\"1\"><b>Check-out:<\/b><span style=\"font-weight: 400;\"> 12:00 PM<\/span><span style=\"font-weight: 400;\"><br \/><\/span><span style=\"font-weight: 400;\"> Late <\/span><i><span style=\"font-weight: 400;\">check-out requests<\/span><\/i><span style=\"font-weight: 400;\"> are subject to availability and may incur an additional charge.<\/span><\/li><\/ul><p><b>Reservations and Payments<\/b><\/p><ul><li style=\"font-weight: 400;\" aria-level=\"1\"><span style=\"font-weight: 400;\">Reservations are confirmed without requiring an advance payment.<\/span><\/li><li style=\"font-weight: 400;\" aria-level=\"1\"><span style=\"font-weight: 400;\">Full payment is made at check-in or check-out, depending on the guest\u2019s selected option.<\/span><span style=\"font-weight: 400;\"><br \/><\/span><\/li><li aria-level=\"1\"><span style=\"font-weight: 400;\">A valid credit card is required to confirm <\/span>your reservation<span style=\"font-weight: 400;\">.<\/span><\/li><\/ul><p><b>Reservation Modifications<\/b><\/p><p><span style=\"font-weight: 400;\">Changes to the reservation (dates, number of guests, room type) are subject to availability and must be requested at least <\/span>48 hours in advance<span style=\"font-weight: 400;\">.<\/span><\/p><p><b>Contact<\/b><\/p><p><span style=\"font-weight: 400;\">If your plans change, please <\/span>notify us as soon as possible<span style=\"font-weight: 400;\"> via email, WhatsApp, or phone.<\/span><\/p><p><b>Conduct and Property Use<\/b><\/p><ul><li style=\"font-weight: 400;\" aria-level=\"1\"><span style=\"font-weight: 400;\">Smoking is not allowed inside the rooms or in enclosed hotel areas.<\/span><span style=\"font-weight: 400;\"><br \/><\/span><\/li><li style=\"font-weight: 400;\" aria-level=\"1\"><span style=\"font-weight: 400;\">The entry or consumption of illegal <\/span>substances or outside alcoholic beverages<span style=\"font-weight: 400;\"> is strictly prohibited without authorization.<\/span><span style=\"font-weight: 400;\"><br \/><\/span><\/li><li style=\"font-weight: 400;\" aria-level=\"1\"><span style=\"font-weight: 400;\">Any <\/span>consumption in the restaurant or bar<span style=\"font-weight: 400;\"> must be charged to the room and paid <\/span>before checkout.<span style=\"font-weight: 400;\">.<\/span><span style=\"font-weight: 400;\"><br \/><\/span><\/li><li style=\"font-weight: 400;\" aria-level=\"1\"><span style=\"font-weight: 400;\">All facilities must be used respectfully and responsibly.<\/span><\/li><\/ul><p><b>Damages and Losses<\/b><\/p><ul><li style=\"font-weight: 400;\" aria-level=\"1\"><span style=\"font-weight: 400;\">Any damage caused to hotel furniture, decoration, or equipment is the responsibility of the guest, who must cover repair or replacement costs.<\/span><\/li><li style=\"font-weight: 400;\" aria-level=\"1\"><span style=\"font-weight: 400;\">The hotel <\/span>is not responsible for personal items left behind or lost<span style=\"font-weight: 400;\"> in rooms or common areas.<\/span><\/li><\/ul><p><b>Pets<\/b><\/p><p><span style=\"font-weight: 400;\">Pets are not allowed in the hotel. Exceptions may be granted with prior authorization from Hotel Sue\u00f1os Management, considering the pet\u2019s size, behavior, and the visitor\u2019s special conditions. Access may be limited to designated areas.<br \/><\/span><\/p><p><b>Coexistence and Respect<\/b><\/p><ul><li style=\"font-weight: 400;\" aria-level=\"1\"><span style=\"font-weight: 400;\">Please maintain a quiet environment, especially between <\/span>10:00 p.m. and 8:00 a.m.<\/li><li style=\"font-weight: 400;\" aria-level=\"1\"><span style=\"font-weight: 400;\">Parties or gatherings that disturb other guests are not allowed.<\/span><\/li><\/ul><p><b>Event Policy<\/b><\/p><p><span style=\"font-weight: 400;\">Events are allowed <\/span>only with prior authorization<span style=\"font-weight: 400;\"> from Hotel Sue\u00f1os Management and must be held in <\/span>designated hotel areas<span style=\"font-weight: 400;\">.<\/span><\/p><p><span style=\"font-weight: 400;\">The organizing party must comply with internal rules, established schedules, and any applicable additional charges.<\/span><\/p><p><b>Right of Admission<\/b><\/p><p><span style=\"font-weight: 400;\">Hotel Sue\u00f1os reserves the right of admission and the right to remove guests in case of rule violations or inappropriate behavior.<\/span><\/p><p><i><span style=\"font-weight: 400;\">Last update: October 2025<\/span><\/i><\/p><p><i><span style=\"font-weight: 400;\">Hotel Sue\u00f1os \u2013 San Salvador, El Salvador<\/span><\/i><\/p>\t\t\t\t\t\t\t\t<\/div>\n\t\t\t\t<\/div>\n\t\t\t\t\t<\/div>\n\t\t\t\t<\/div>\n\t\t\t\t<\/div>","protected":false},"excerpt":{"rendered":"<p>Pol\u00edtica de Cancelaci\u00f3n Tard\u00eda \/ No-Show (No Presentaci\u00f3n) Si el hu\u00e9sped no cancela al menos 48 horas antes del check-in y no se presenta en la fecha de llegada: La reserva ser\u00e1 marcada como No-Show (No Presentaci\u00f3n). La reserva ser\u00e1 cancelada autom\u00e1ticamente al d\u00eda siguiente La habitaci\u00f3n ser\u00e1 liberada para nuevos hu\u00e9spedes. Pol\u00edtica de Privacidad [&hellip;]<\/p>\n","protected":false},"author":2,"featured_media":0,"parent":0,"menu_order":0,"comment_status":"closed","ping_status":"closed","template":"","meta":{"inline_featured_image":false,"slim_seo":{"title":"Politicas - Hotel Sue\u00f1os - Hotel Sue\u00f1os El Salvador","description":"Pol\u00edtica de Cancelaci\u00f3n Tard\u00eda \/ No-Show (No Presentaci\u00f3n) Si el hu\u00e9sped no cancela al menos 48 horas antes del check-in y no se presenta en la fecha de llegada"},"footnotes":""},"class_list":["post-6901","page","type-page","status-publish","hentry"],"yoast_head":"<!-- This site is optimized with the Yoast SEO plugin v27.3 - https:\/\/yoast.com\/product\/yoast-seo-wordpress\/ -->\n<title>Pol\u00edticas y Normas - Hotel Sue\u00f1os El Salvador<\/title>\n<meta name=\"description\" content=\"Conoce las pol\u00edticas de Hotel Sue\u00f1os en San Salvador: cancelaciones, privacidad, pagos y normas de estad\u00eda. Inf\u00f3rmate antes de reservar para disfrutar una experiencia tranquila y sin inconvenientes\" \/>\n<meta name=\"robots\" content=\"index, follow, max-snippet:-1, max-image-preview:large, max-video-preview:-1\" \/>\n<link rel=\"canonical\" href=\"https:\/\/www.hotelsuenoselsalvador.com\/en\/politicas-hotel-suenos\/\" \/>\n<meta property=\"og:locale\" content=\"en_US\" \/>\n<meta property=\"og:type\" content=\"article\" \/>\n<meta property=\"og:title\" content=\"Pol\u00edticas y Normas - Hotel Sue\u00f1os El Salvador\" \/>\n<meta property=\"og:description\" content=\"Conoce las pol\u00edticas de Hotel Sue\u00f1os en San Salvador: cancelaciones, privacidad, pagos y normas de estad\u00eda. Inf\u00f3rmate antes de reservar para disfrutar una experiencia tranquila y sin inconvenientes\" \/>\n<meta property=\"og:url\" content=\"https:\/\/www.hotelsuenoselsalvador.com\/en\/politicas-hotel-suenos\/\" \/>\n<meta property=\"og:site_name\" content=\"Hotel Sue\u00f1os El Salvador\" \/>\n<meta property=\"article:modified_time\" content=\"2025-12-09T06:19:19+00:00\" \/>\n<meta property=\"og:image\" content=\"https:\/\/www.hotelsuenoselsalvador.com\/wp-content\/uploads\/2025\/11\/website.png\" \/>\n\t<meta property=\"og:image:width\" content=\"1872\" \/>\n\t<meta property=\"og:image:height\" content=\"851\" \/>\n\t<meta property=\"og:image:type\" content=\"image\/png\" \/>\n<meta name=\"twitter:card\" content=\"summary_large_image\" \/>\n<meta name=\"twitter:label1\" content=\"Est. reading time\" \/>\n\t<meta name=\"twitter:data1\" content=\"4 minutes\" \/>\n<script type=\"application\/ld+json\" class=\"yoast-schema-graph\">{\"@context\":\"https:\\\/\\\/schema.org\",\"@graph\":[{\"@type\":\"WebPage\",\"@id\":\"https:\\\/\\\/www.hotelsuenoselsalvador.com\\\/politicas-hotel-suenos\\\/\",\"url\":\"https:\\\/\\\/www.hotelsuenoselsalvador.com\\\/politicas-hotel-suenos\\\/\",\"name\":\"Pol\u00edticas y Normas - Hotel Sue\u00f1os El Salvador\",\"isPartOf\":{\"@id\":\"https:\\\/\\\/www.hotelsuenoselsalvador.com\\\/#website\"},\"datePublished\":\"2025-10-24T22:19:09+00:00\",\"dateModified\":\"2025-12-09T06:19:19+00:00\",\"description\":\"Conoce las pol\u00edticas de Hotel Sue\u00f1os en San Salvador: cancelaciones, privacidad, pagos y normas de estad\u00eda. Inf\u00f3rmate antes de reservar para disfrutar una experiencia tranquila y sin inconvenientes\",\"breadcrumb\":{\"@id\":\"https:\\\/\\\/www.hotelsuenoselsalvador.com\\\/politicas-hotel-suenos\\\/#breadcrumb\"},\"inLanguage\":\"en-US\",\"potentialAction\":[{\"@type\":\"ReadAction\",\"target\":[\"https:\\\/\\\/www.hotelsuenoselsalvador.com\\\/politicas-hotel-suenos\\\/\"]}]},{\"@type\":\"BreadcrumbList\",\"@id\":\"https:\\\/\\\/www.hotelsuenoselsalvador.com\\\/politicas-hotel-suenos\\\/#breadcrumb\",\"itemListElement\":[{\"@type\":\"ListItem\",\"position\":1,\"name\":\"Home\",\"item\":\"https:\\\/\\\/www.hotelsuenoselsalvador.com\\\/\"},{\"@type\":\"ListItem\",\"position\":2,\"name\":\"Politicas &#8211; Hotel Sue\u00f1os\"}]},{\"@type\":\"WebSite\",\"@id\":\"https:\\\/\\\/www.hotelsuenoselsalvador.com\\\/#website\",\"url\":\"https:\\\/\\\/www.hotelsuenoselsalvador.com\\\/\",\"name\":\"Hotel Sue\u00f1os El Salvador\",\"description\":\"Hotel Sue\u00f1os ubicado en La Escal\u00f3n, comodo, barato\",\"publisher\":{\"@id\":\"https:\\\/\\\/www.hotelsuenoselsalvador.com\\\/#organization\"},\"alternateName\":\"Hotel Sue\u00f1os SV\",\"potentialAction\":[{\"@type\":\"SearchAction\",\"target\":{\"@type\":\"EntryPoint\",\"urlTemplate\":\"https:\\\/\\\/www.hotelsuenoselsalvador.com\\\/?s={search_term_string}\"},\"query-input\":{\"@type\":\"PropertyValueSpecification\",\"valueRequired\":true,\"valueName\":\"search_term_string\"}}],\"inLanguage\":\"en-US\"},{\"@type\":\"Organization\",\"@id\":\"https:\\\/\\\/www.hotelsuenoselsalvador.com\\\/#organization\",\"name\":\"Hotel Sue\u00f1os El Salvador\",\"alternateName\":\"Hotel Sue\u00f1os SV\",\"url\":\"https:\\\/\\\/www.hotelsuenoselsalvador.com\\\/\",\"logo\":{\"@type\":\"ImageObject\",\"inLanguage\":\"en-US\",\"@id\":\"https:\\\/\\\/www.hotelsuenoselsalvador.com\\\/#\\\/schema\\\/logo\\\/image\\\/\",\"url\":\"https:\\\/\\\/www.hotelsuenoselsalvador.com\\\/wp-content\\\/uploads\\\/2025\\\/10\\\/cropped-images.png\",\"contentUrl\":\"https:\\\/\\\/www.hotelsuenoselsalvador.com\\\/wp-content\\\/uploads\\\/2025\\\/10\\\/cropped-images.png\",\"width\":223,\"height\":186,\"caption\":\"Hotel Sue\u00f1os El Salvador\"},\"image\":{\"@id\":\"https:\\\/\\\/www.hotelsuenoselsalvador.com\\\/#\\\/schema\\\/logo\\\/image\\\/\"},\"sameAs\":[\"https:\\\/\\\/www.instagram.com\\\/hotelsuenossv\\\/\"]}]}<\/script>\n<!-- \/ Yoast SEO plugin. -->","yoast_head_json":{"title":"Pol\u00edticas y Normas - Hotel Sue\u00f1os El Salvador","description":"Conoce las pol\u00edticas de Hotel Sue\u00f1os en San Salvador: cancelaciones, privacidad, pagos y normas de estad\u00eda. Inf\u00f3rmate antes de reservar para disfrutar una experiencia tranquila y sin inconvenientes","robots":{"index":"index","follow":"follow","max-snippet":"max-snippet:-1","max-image-preview":"max-image-preview:large","max-video-preview":"max-video-preview:-1"},"canonical":"https:\/\/www.hotelsuenoselsalvador.com\/en\/politicas-hotel-suenos\/","og_locale":"en_US","og_type":"article","og_title":"Pol\u00edticas y Normas - Hotel Sue\u00f1os El Salvador","og_description":"Conoce las pol\u00edticas de Hotel Sue\u00f1os en San Salvador: cancelaciones, privacidad, pagos y normas de estad\u00eda. Inf\u00f3rmate antes de reservar para disfrutar una experiencia tranquila y sin inconvenientes","og_url":"https:\/\/www.hotelsuenoselsalvador.com\/en\/politicas-hotel-suenos\/","og_site_name":"Hotel Sue\u00f1os El Salvador","article_modified_time":"2025-12-09T06:19:19+00:00","og_image":[{"width":1872,"height":851,"url":"https:\/\/www.hotelsuenoselsalvador.com\/wp-content\/uploads\/2025\/11\/website.png","type":"image\/png"}],"twitter_card":"summary_large_image","twitter_misc":{"Est. reading time":"4 minutes"},"schema":{"@context":"https:\/\/schema.org","@graph":[{"@type":"WebPage","@id":"https:\/\/www.hotelsuenoselsalvador.com\/politicas-hotel-suenos\/","url":"https:\/\/www.hotelsuenoselsalvador.com\/politicas-hotel-suenos\/","name":"Pol\u00edticas y Normas - Hotel Sue\u00f1os El Salvador","isPartOf":{"@id":"https:\/\/www.hotelsuenoselsalvador.com\/#website"},"datePublished":"2025-10-24T22:19:09+00:00","dateModified":"2025-12-09T06:19:19+00:00","description":"Conoce las pol\u00edticas de Hotel Sue\u00f1os en San Salvador: cancelaciones, privacidad, pagos y normas de estad\u00eda. Inf\u00f3rmate antes de reservar para disfrutar una experiencia tranquila y sin inconvenientes","breadcrumb":{"@id":"https:\/\/www.hotelsuenoselsalvador.com\/politicas-hotel-suenos\/#breadcrumb"},"inLanguage":"en-US","potentialAction":[{"@type":"ReadAction","target":["https:\/\/www.hotelsuenoselsalvador.com\/politicas-hotel-suenos\/"]}]},{"@type":"BreadcrumbList","@id":"https:\/\/www.hotelsuenoselsalvador.com\/politicas-hotel-suenos\/#breadcrumb","itemListElement":[{"@type":"ListItem","position":1,"name":"Home","item":"https:\/\/www.hotelsuenoselsalvador.com\/"},{"@type":"ListItem","position":2,"name":"Politicas &#8211; Hotel Sue\u00f1os"}]},{"@type":"WebSite","@id":"https:\/\/www.hotelsuenoselsalvador.com\/#website","url":"https:\/\/www.hotelsuenoselsalvador.com\/","name":"Hotel Sue\u00f1os El Salvador","description":"Hotel Sue\u00f1os ubicado en La Escal\u00f3n, comodo, barato","publisher":{"@id":"https:\/\/www.hotelsuenoselsalvador.com\/#organization"},"alternateName":"Hotel Sue\u00f1os SV","potentialAction":[{"@type":"SearchAction","target":{"@type":"EntryPoint","urlTemplate":"https:\/\/www.hotelsuenoselsalvador.com\/?s={search_term_string}"},"query-input":{"@type":"PropertyValueSpecification","valueRequired":true,"valueName":"search_term_string"}}],"inLanguage":"en-US"},{"@type":"Organization","@id":"https:\/\/www.hotelsuenoselsalvador.com\/#organization","name":"Hotel Sue\u00f1os El Salvador","alternateName":"Hotel Sue\u00f1os SV","url":"https:\/\/www.hotelsuenoselsalvador.com\/","logo":{"@type":"ImageObject","inLanguage":"en-US","@id":"https:\/\/www.hotelsuenoselsalvador.com\/#\/schema\/logo\/image\/","url":"https:\/\/www.hotelsuenoselsalvador.com\/wp-content\/uploads\/2025\/10\/cropped-images.png","contentUrl":"https:\/\/www.hotelsuenoselsalvador.com\/wp-content\/uploads\/2025\/10\/cropped-images.png","width":223,"height":186,"caption":"Hotel Sue\u00f1os El Salvador"},"image":{"@id":"https:\/\/www.hotelsuenoselsalvador.com\/#\/schema\/logo\/image\/"},"sameAs":["https:\/\/www.instagram.com\/hotelsuenossv\/"]}]}},"_links":{"self":[{"href":"https:\/\/www.hotelsuenoselsalvador.com\/en\/wp-json\/wp\/v2\/pages\/6901","targetHints":{"allow":["GET"]}}],"collection":[{"href":"https:\/\/www.hotelsuenoselsalvador.com\/en\/wp-json\/wp\/v2\/pages"}],"about":[{"href":"https:\/\/www.hotelsuenoselsalvador.com\/en\/wp-json\/wp\/v2\/types\/page"}],"author":[{"embeddable":true,"href":"https:\/\/www.hotelsuenoselsalvador.com\/en\/wp-json\/wp\/v2\/users\/2"}],"replies":[{"embeddable":true,"href":"https:\/\/www.hotelsuenoselsalvador.com\/en\/wp-json\/wp\/v2\/comments?post=6901"}],"version-history":[{"count":10,"href":"https:\/\/www.hotelsuenoselsalvador.com\/en\/wp-json\/wp\/v2\/pages\/6901\/revisions"}],"predecessor-version":[{"id":8679,"href":"https:\/\/www.hotelsuenoselsalvador.com\/en\/wp-json\/wp\/v2\/pages\/6901\/revisions\/8679"}],"wp:attachment":[{"href":"https:\/\/www.hotelsuenoselsalvador.com\/en\/wp-json\/wp\/v2\/media?parent=6901"}],"curies":[{"name":"wp","href":"https:\/\/api.w.org\/{rel}","templated":true}]}}