{"id":4624,"date":"2024-11-18T07:43:56","date_gmt":"2024-11-18T07:43:56","guid":{"rendered":"https:\/\/demo2wpopal.b-cdn.net\/amoja\/?page_id=4624"},"modified":"2026-04-14T14:51:13","modified_gmt":"2026-04-14T20:51:13","slug":"habitaciones-con-reservacion","status":"publish","type":"page","link":"https:\/\/www.hotelsuenoselsalvador.com\/en\/habitaciones-con-reservacion\/","title":{"rendered":"Rooms"},"content":{"rendered":"\t\t<div data-elementor-type=\"wp-page\" data-elementor-id=\"4624\" class=\"elementor elementor-4624\" data-elementor-post-type=\"page\">\n\t\t\t\t<div class=\"elementor-element elementor-element-2a9e65c e-flex e-con-boxed e-con e-parent\" data-id=\"2a9e65c\" data-element_type=\"container\" data-e-type=\"container\">\n\t\t\t\t\t<div class=\"e-con-inner\">\n\t\t\t\t<div class=\"elementor-element elementor-element-61854f9 elementor-widget__width-initial elementor-widget elementor-widget-heading\" data-id=\"61854f9\" data-element_type=\"widget\" data-e-type=\"widget\" data-widget_type=\"heading.default\">\n\t\t\t\t\t<p class=\"elementor-heading-title elementor-size-default\">Descubre nuestras comodas habitaciones para que te sientas como en casa en Hotel Sue\u00f1os<\/p>\t\t\t\t<\/div>\n\t\t<div class=\"elementor-element elementor-element-84821b9 e-grid e-con-full e-con e-child\" data-id=\"84821b9\" data-element_type=\"container\" data-e-type=\"container\">\n\t\t\t\t<div class=\"elementor-element elementor-element-bfdd8bd elementor-position-left elementor-vertical-align-middle elementor-widget__width-initial elementor-widget elementor-widget-image-box\" data-id=\"bfdd8bd\" data-element_type=\"widget\" data-e-type=\"widget\" data-widget_type=\"image-box.default\">\n\t\t\t\t\t<div class=\"elementor-image-box-wrapper\"><figure class=\"elementor-image-box-img\"><img decoding=\"async\" width=\"91\" height=\"91\" src=\"https:\/\/www.hotelsuenoselsalvador.com\/wp-content\/uploads\/2026\/04\/HS-Groups_Icon.png\" class=\"attachment-full size-full wp-image-9089\" alt=\"HS Groups Icon\" srcset=\"https:\/\/www.hotelsuenoselsalvador.com\/wp-content\/uploads\/2026\/04\/HS-Groups_Icon.png 91w, https:\/\/www.hotelsuenoselsalvador.com\/wp-content\/uploads\/2026\/04\/HS-Groups_Icon-12x12.png 12w\" sizes=\"(max-width: 91px) 100vw, 91px\" \/><\/figure><div class=\"elementor-image-box-content\"><h3 class=\"elementor-image-box-title\">Para grupos grandes, llame al hotel<\/h3><\/div><\/div>\t\t\t\t<\/div>\n\t\t\t\t<div class=\"elementor-element elementor-element-c2910f1 elementor-position-left elementor-vertical-align-middle elementor-widget__width-initial elementor-widget elementor-widget-image-box\" data-id=\"c2910f1\" data-element_type=\"widget\" data-e-type=\"widget\" data-widget_type=\"image-box.default\">\n\t\t\t\t\t<div class=\"elementor-image-box-wrapper\"><figure class=\"elementor-image-box-img\"><img decoding=\"async\" width=\"91\" height=\"91\" src=\"https:\/\/www.hotelsuenoselsalvador.com\/wp-content\/uploads\/2026\/04\/HS-Groups_Icon02.png\" class=\"attachment-full size-full wp-image-9090\" alt=\"HS Groups Icon02\" srcset=\"https:\/\/www.hotelsuenoselsalvador.com\/wp-content\/uploads\/2026\/04\/HS-Groups_Icon02.png 91w, https:\/\/www.hotelsuenoselsalvador.com\/wp-content\/uploads\/2026\/04\/HS-Groups_Icon02-12x12.png 12w\" sizes=\"(max-width: 91px) 100vw, 91px\" \/><\/figure><div class=\"elementor-image-box-content\"><h3 class=\"elementor-image-box-title\">Los ni\u00f1os de 5 a\u00f1os o m\u00e1s cuentan como hu\u00e9spedes<\/h3><\/div><\/div>\t\t\t\t<\/div>\n\t\t\t\t<div class=\"elementor-element elementor-element-ee3519e elementor-position-left elementor-vertical-align-middle elementor-widget__width-initial elementor-widget elementor-widget-image-box\" data-id=\"ee3519e\" data-element_type=\"widget\" data-e-type=\"widget\" data-widget_type=\"image-box.default\">\n\t\t\t\t\t<div class=\"elementor-image-box-wrapper\"><figure class=\"elementor-image-box-img\"><img decoding=\"async\" width=\"91\" height=\"91\" src=\"https:\/\/www.hotelsuenoselsalvador.com\/wp-content\/uploads\/2026\/04\/HS-Groups_Icon03.png\" class=\"attachment-full size-full wp-image-9091\" alt=\"HS Groups Icon03\" srcset=\"https:\/\/www.hotelsuenoselsalvador.com\/wp-content\/uploads\/2026\/04\/HS-Groups_Icon03.png 91w, https:\/\/www.hotelsuenoselsalvador.com\/wp-content\/uploads\/2026\/04\/HS-Groups_Icon03-12x12.png 12w\" sizes=\"(max-width: 91px) 100vw, 91px\" \/><\/figure><div class=\"elementor-image-box-content\"><h3 class=\"elementor-image-box-title\">Si no encuentra habitaci\u00f3n, por favor llame<\/h3><\/div><\/div>\t\t\t\t<\/div>\n\t\t\t\t<\/div>\n\t\t<div class=\"elementor-element elementor-element-98fe204 e-con-full e-flex e-con e-child\" data-id=\"98fe204\" data-element_type=\"container\" data-e-type=\"container\">\n\t\t<div class=\"elementor-element elementor-element-51c0e29 e-con-full e-flex e-con e-child\" data-id=\"51c0e29\" data-element_type=\"container\" data-e-type=\"container\" data-settings=\"{&quot;sticky_on&quot;:[&quot;desktop&quot;,&quot;laptop&quot;,&quot;tablet_extra&quot;,&quot;tablet&quot;,&quot;mobile_extra&quot;],&quot;sticky&quot;:&quot;top&quot;,&quot;sticky_offset&quot;:30,&quot;sticky_parent&quot;:&quot;yes&quot;,&quot;sticky_effects_offset&quot;:0,&quot;sticky_anchor_link_offset&quot;:0}\">\n\t\t<div class=\"elementor-element elementor-element-c51268b e-con-full e-flex e-con e-child\" data-id=\"c51268b\" data-element_type=\"container\" data-e-type=\"container\" data-settings=\"{&quot;background_background&quot;:&quot;classic&quot;}\">\n\t\t\t\t<div class=\"elementor-element elementor-element-b74ed0d elementor-widget elementor-widget-heading\" data-id=\"b74ed0d\" data-element_type=\"widget\" data-e-type=\"widget\" data-widget_type=\"heading.default\">\n\t\t\t\t\t<h5 class=\"elementor-heading-title elementor-size-default\">Check Availability<\/h5>\t\t\t\t<\/div>\n\t\t\t\t<div class=\"elementor-element elementor-element-61dcf7c taxonomies-search-layout-traditional elementor-widget elementor-widget-babe-search-form\" data-id=\"61dcf7c\" data-element_type=\"widget\" data-e-type=\"widget\" data-widget_type=\"babe-search-form.default\">\n\t\t\t\t<div class=\"elementor-widget-container\">\n\t\t\t\t\t\n        <div id=\"amoja-search-box\" class=\"babe-search-box  taxonomies-search-enable-title-yes \">\n            <form name=\"search_form\" action=\"https:\/\/www.hotelsuenoselsalvador.com\/en\/habitaciones-con-reservacion\/\" method=\"get\" id=\"search_form\" class=\"babe-search-form\">\n                <div class=\"search-form-inner\">\n                    <div class=\"input-group col-3\">\n                        <div class=\"field-search-group\"><div class=\"field-group-inner date-block\"><div class=\"field-search\"><div class=\"field-title advanced-header\">Check in<\/div><div class=\"search_date_wrapper search_date_wrapper_date_from\"><input type=\"text\" class=\"search_date search_title_value\" id=\"date_from\" name=\"date_from\" value=\"\" placeholder=\"Select Date\"><i class=\"js-amoja-icon amoja-icon amoja-icon-arrow-down\"><\/i><\/div><\/div><\/div><\/div><div class=\"field-search-group\"><div class=\"field-group-inner\"><div class=\"field-search\"><div class=\"field-title advanced-header\">Check out<\/div><div class=\"search_date_wrapper search_date_wrapper_date_to\" data-active-0=\"1\"><input type=\"text\" class=\"search_date search_title_value\" id=\"date_to\" name=\"date_to\" value=\"\" placeholder=\"Select Date\"><i class=\"js-amoja-icon amoja-icon amoja-icon-arrow-down\"><\/i><\/div><\/div><\/div><\/div><div class=\"field-search-group\"><div class=\"field-group-inner\"><div class=\"field-search\"><div class=\"field-title advanced-header\">Guests<\/div><div class=\"guest-block search_guests_field \"> <span class=\"search_guests_title_value search_title_value search_guests_title\">0<i class=\"js-amoja-icon amoja-icon amoja-icon-arrow-down\"><\/i><\/span>\n                                        <div class=\"search_guests_select_wrapper close_by_apply_btn\">\n                                             <div class=\"input_select_field input_select_field_guests\" data-name=\"guests[2]\">\n                              \n                              <span class=\"select_guests_title\">Personas<\/span>\n                              <span class=\"search_guests_minus btn-search-guests-change btn btn-secondary-outlined\" tabindex=\"0\"><i class=\"fas fa-minus\"><\/i><\/span>\n                              <span class=\"select_guests_value\">0<\/span>\n                              <span class=\"search_guests_plus btn-search-guests-change btn btn-secondary-outlined\" tabindex=\"0\"><i class=\"fas fa-plus\"><\/i><\/span>\n                              <input type=\"hidden\" class=\"select_guests_input_value\" name=\"guests[2]\" value=\"0\">\n                           <\/div>\n                                        <\/div>\n                                       <\/div>\n                                    <\/div>\n                                <\/div><\/div>                    <\/div>\n                    <div class=\"submit\">\n                        <button name=\"submit\" class=\"btn button btn-primary btn-search\" value=\"1\">\n                            <span>Check Rates<\/span><i class=\"amoja-icon-arrow-right\"><\/i>                        <\/button>\n                    <\/div>\n                    <input type=\"hidden\" name=\"request_search_results\" value=\"1\">\n                    <input type=\"hidden\" name=\"search_results_sort_by\" value=\"title_asc\">\n                    \n                <\/div>\n            <\/form>\n        <\/div>\n        \t\t\t\t<\/div>\n\t\t\t\t<\/div>\n\t\t\t\t<\/div>\n\t\t\t\t<\/div>\n\t\t\t\t<\/div>\n\t\t\t\t\t<\/div>\n\t\t\t\t<\/div>\n\t\t\t\t<\/div>\n\t\t","protected":false},"excerpt":{"rendered":"<p>Descubre nuestras comodas habitaciones para que te sientas como en casa en Hotel Sue\u00f1os Para grupos grandes, llame al hotel Los ni\u00f1os de 5 a\u00f1os o m\u00e1s cuentan como hu\u00e9spedes Si no encuentra habitaci\u00f3n, por favor llame Check Availability Check inCheck outGuests 0 Personas 0 Check Rates<\/p>","protected":false},"author":2,"featured_media":0,"parent":0,"menu_order":0,"comment_status":"closed","ping_status":"closed","template":"","meta":{"inline_featured_image":false,"slim_seo":{"title":"Habitaciones - Hotel Sue\u00f1os El Salvador","description":"Descubre nuestras comodas habitaciones para que te sientas como en casa en Hotel Sue\u00f1os Para grupos grandes, llame al hotel Los ni\u00f1os de 5 a\u00f1os o m\u00e1s cuentan co"},"footnotes":""},"class_list":["post-4624","page","type-page","status-publish","hentry"],"yoast_head":"<!-- This site is optimized with the Yoast SEO plugin v27.3 - https:\/\/yoast.com\/product\/yoast-seo-wordpress\/ -->\n<title>Habitaciones en Hotel Sue\u00f1os El Salvador | Suites c\u00f3modas<\/title>\n<meta name=\"description\" content=\"Reserva tus habitaciones en Hotel Sue\u00f1os El Salvador: suites dobles, matrimoniales y familiares con WiFi, TV y ba\u00f1o privado. \u00a1Reserva ahora!\" \/>\n<meta name=\"robots\" content=\"index, follow, max-snippet:-1, max-image-preview:large, max-video-preview:-1\" \/>\n<link rel=\"canonical\" href=\"https:\/\/www.hotelsuenoselsalvador.com\/en\/habitaciones-con-reservacion\/\" \/>\n<meta property=\"og:locale\" content=\"en_US\" \/>\n<meta property=\"og:type\" content=\"article\" \/>\n<meta property=\"og:title\" content=\"Habitaciones en Hotel Sue\u00f1os El Salvador | Suites c\u00f3modas\" \/>\n<meta property=\"og:description\" content=\"Reserva tus habitaciones en Hotel Sue\u00f1os El Salvador: suites dobles, matrimoniales y familiares con WiFi, TV y ba\u00f1o privado. \u00a1Reserva ahora!\" \/>\n<meta property=\"og:url\" content=\"https:\/\/www.hotelsuenoselsalvador.com\/en\/habitaciones-con-reservacion\/\" \/>\n<meta property=\"og:site_name\" content=\"Hotel Sue\u00f1os El Salvador\" \/>\n<meta property=\"article:modified_time\" content=\"2026-04-14T20:51:13+00:00\" \/>\n<meta property=\"og:image\" content=\"https:\/\/www.hotelsuenoselsalvador.com\/wp-content\/uploads\/2026\/04\/HS-Groups_Icon.png\" \/>\n\t<meta property=\"og:image:width\" content=\"91\" \/>\n\t<meta property=\"og:image:height\" content=\"91\" \/>\n\t<meta property=\"og:image:type\" content=\"image\/png\" \/>\n<meta name=\"twitter:card\" content=\"summary_large_image\" \/>\n<meta name=\"twitter:label1\" content=\"Est. reading time\" \/>\n\t<meta name=\"twitter:data1\" content=\"3 minutes\" \/>\n<script type=\"application\/ld+json\" class=\"yoast-schema-graph\">{\"@context\":\"https:\\\/\\\/schema.org\",\"@graph\":[{\"@type\":\"WebPage\",\"@id\":\"https:\\\/\\\/www.hotelsuenoselsalvador.com\\\/habitaciones-con-reservacion\\\/\",\"url\":\"https:\\\/\\\/www.hotelsuenoselsalvador.com\\\/habitaciones-con-reservacion\\\/\",\"name\":\"Habitaciones en Hotel Sue\u00f1os El Salvador | Suites c\u00f3modas\",\"isPartOf\":{\"@id\":\"https:\\\/\\\/www.hotelsuenoselsalvador.com\\\/#website\"},\"primaryImageOfPage\":{\"@id\":\"https:\\\/\\\/www.hotelsuenoselsalvador.com\\\/habitaciones-con-reservacion\\\/#primaryimage\"},\"image\":{\"@id\":\"https:\\\/\\\/www.hotelsuenoselsalvador.com\\\/habitaciones-con-reservacion\\\/#primaryimage\"},\"thumbnailUrl\":\"https:\\\/\\\/www.hotelsuenoselsalvador.com\\\/wp-content\\\/uploads\\\/2026\\\/04\\\/HS-Groups_Icon.png\",\"datePublished\":\"2024-11-18T07:43:56+00:00\",\"dateModified\":\"2026-04-14T20:51:13+00:00\",\"description\":\"Reserva tus habitaciones en Hotel Sue\u00f1os El Salvador: suites dobles, matrimoniales y familiares con WiFi, TV y ba\u00f1o privado. \u00a1Reserva ahora!\",\"breadcrumb\":{\"@id\":\"https:\\\/\\\/www.hotelsuenoselsalvador.com\\\/habitaciones-con-reservacion\\\/#breadcrumb\"},\"inLanguage\":\"en-US\",\"potentialAction\":[{\"@type\":\"ReadAction\",\"target\":[\"https:\\\/\\\/www.hotelsuenoselsalvador.com\\\/habitaciones-con-reservacion\\\/\"]}]},{\"@type\":\"ImageObject\",\"inLanguage\":\"en-US\",\"@id\":\"https:\\\/\\\/www.hotelsuenoselsalvador.com\\\/habitaciones-con-reservacion\\\/#primaryimage\",\"url\":\"https:\\\/\\\/www.hotelsuenoselsalvador.com\\\/wp-content\\\/uploads\\\/2026\\\/04\\\/HS-Groups_Icon.png\",\"contentUrl\":\"https:\\\/\\\/www.hotelsuenoselsalvador.com\\\/wp-content\\\/uploads\\\/2026\\\/04\\\/HS-Groups_Icon.png\"},{\"@type\":\"BreadcrumbList\",\"@id\":\"https:\\\/\\\/www.hotelsuenoselsalvador.com\\\/habitaciones-con-reservacion\\\/#breadcrumb\",\"itemListElement\":[{\"@type\":\"ListItem\",\"position\":1,\"name\":\"Home\",\"item\":\"https:\\\/\\\/www.hotelsuenoselsalvador.com\\\/\"},{\"@type\":\"ListItem\",\"position\":2,\"name\":\"Habitaciones\"}]},{\"@type\":\"WebSite\",\"@id\":\"https:\\\/\\\/www.hotelsuenoselsalvador.com\\\/#website\",\"url\":\"https:\\\/\\\/www.hotelsuenoselsalvador.com\\\/\",\"name\":\"Hotel Sue\u00f1os El Salvador\",\"description\":\"Hotel Sue\u00f1os ubicado en La Escal\u00f3n, comodo, barato\",\"publisher\":{\"@id\":\"https:\\\/\\\/www.hotelsuenoselsalvador.com\\\/#organization\"},\"alternateName\":\"Hotel Sue\u00f1os SV\",\"potentialAction\":[{\"@type\":\"SearchAction\",\"target\":{\"@type\":\"EntryPoint\",\"urlTemplate\":\"https:\\\/\\\/www.hotelsuenoselsalvador.com\\\/?s={search_term_string}\"},\"query-input\":{\"@type\":\"PropertyValueSpecification\",\"valueRequired\":true,\"valueName\":\"search_term_string\"}}],\"inLanguage\":\"en-US\"},{\"@type\":\"Organization\",\"@id\":\"https:\\\/\\\/www.hotelsuenoselsalvador.com\\\/#organization\",\"name\":\"Hotel Sue\u00f1os El Salvador\",\"alternateName\":\"Hotel Sue\u00f1os SV\",\"url\":\"https:\\\/\\\/www.hotelsuenoselsalvador.com\\\/\",\"logo\":{\"@type\":\"ImageObject\",\"inLanguage\":\"en-US\",\"@id\":\"https:\\\/\\\/www.hotelsuenoselsalvador.com\\\/#\\\/schema\\\/logo\\\/image\\\/\",\"url\":\"https:\\\/\\\/www.hotelsuenoselsalvador.com\\\/wp-content\\\/uploads\\\/2025\\\/10\\\/cropped-images.png\",\"contentUrl\":\"https:\\\/\\\/www.hotelsuenoselsalvador.com\\\/wp-content\\\/uploads\\\/2025\\\/10\\\/cropped-images.png\",\"width\":223,\"height\":186,\"caption\":\"Hotel Sue\u00f1os El Salvador\"},\"image\":{\"@id\":\"https:\\\/\\\/www.hotelsuenoselsalvador.com\\\/#\\\/schema\\\/logo\\\/image\\\/\"},\"sameAs\":[\"https:\\\/\\\/www.instagram.com\\\/hotelsuenossv\\\/\"]}]}<\/script>\n<!-- \/ Yoast SEO plugin. -->","yoast_head_json":{"title":"Habitaciones en Hotel Sue\u00f1os El Salvador | Suites c\u00f3modas","description":"Reserva tus habitaciones en Hotel Sue\u00f1os El Salvador: suites dobles, matrimoniales y familiares con WiFi, TV y ba\u00f1o privado. \u00a1Reserva ahora!","robots":{"index":"index","follow":"follow","max-snippet":"max-snippet:-1","max-image-preview":"max-image-preview:large","max-video-preview":"max-video-preview:-1"},"canonical":"https:\/\/www.hotelsuenoselsalvador.com\/en\/habitaciones-con-reservacion\/","og_locale":"en_US","og_type":"article","og_title":"Habitaciones en Hotel Sue\u00f1os El Salvador | Suites c\u00f3modas","og_description":"Reserva tus habitaciones en Hotel Sue\u00f1os El Salvador: suites dobles, matrimoniales y familiares con WiFi, TV y ba\u00f1o privado. \u00a1Reserva ahora!","og_url":"https:\/\/www.hotelsuenoselsalvador.com\/en\/habitaciones-con-reservacion\/","og_site_name":"Hotel Sue\u00f1os El Salvador","article_modified_time":"2026-04-14T20:51:13+00:00","og_image":[{"width":91,"height":91,"url":"https:\/\/www.hotelsuenoselsalvador.com\/wp-content\/uploads\/2026\/04\/HS-Groups_Icon.png","type":"image\/png"}],"twitter_card":"summary_large_image","twitter_misc":{"Est. reading time":"3 minutes"},"schema":{"@context":"https:\/\/schema.org","@graph":[{"@type":"WebPage","@id":"https:\/\/www.hotelsuenoselsalvador.com\/habitaciones-con-reservacion\/","url":"https:\/\/www.hotelsuenoselsalvador.com\/habitaciones-con-reservacion\/","name":"Habitaciones en Hotel Sue\u00f1os El Salvador | Suites c\u00f3modas","isPartOf":{"@id":"https:\/\/www.hotelsuenoselsalvador.com\/#website"},"primaryImageOfPage":{"@id":"https:\/\/www.hotelsuenoselsalvador.com\/habitaciones-con-reservacion\/#primaryimage"},"image":{"@id":"https:\/\/www.hotelsuenoselsalvador.com\/habitaciones-con-reservacion\/#primaryimage"},"thumbnailUrl":"https:\/\/www.hotelsuenoselsalvador.com\/wp-content\/uploads\/2026\/04\/HS-Groups_Icon.png","datePublished":"2024-11-18T07:43:56+00:00","dateModified":"2026-04-14T20:51:13+00:00","description":"Reserva tus habitaciones en Hotel Sue\u00f1os El Salvador: suites dobles, matrimoniales y familiares con WiFi, TV y ba\u00f1o privado. \u00a1Reserva ahora!","breadcrumb":{"@id":"https:\/\/www.hotelsuenoselsalvador.com\/habitaciones-con-reservacion\/#breadcrumb"},"inLanguage":"en-US","potentialAction":[{"@type":"ReadAction","target":["https:\/\/www.hotelsuenoselsalvador.com\/habitaciones-con-reservacion\/"]}]},{"@type":"ImageObject","inLanguage":"en-US","@id":"https:\/\/www.hotelsuenoselsalvador.com\/habitaciones-con-reservacion\/#primaryimage","url":"https:\/\/www.hotelsuenoselsalvador.com\/wp-content\/uploads\/2026\/04\/HS-Groups_Icon.png","contentUrl":"https:\/\/www.hotelsuenoselsalvador.com\/wp-content\/uploads\/2026\/04\/HS-Groups_Icon.png"},{"@type":"BreadcrumbList","@id":"https:\/\/www.hotelsuenoselsalvador.com\/habitaciones-con-reservacion\/#breadcrumb","itemListElement":[{"@type":"ListItem","position":1,"name":"Home","item":"https:\/\/www.hotelsuenoselsalvador.com\/"},{"@type":"ListItem","position":2,"name":"Habitaciones"}]},{"@type":"WebSite","@id":"https:\/\/www.hotelsuenoselsalvador.com\/#website","url":"https:\/\/www.hotelsuenoselsalvador.com\/","name":"Hotel Sue\u00f1os El Salvador","description":"Hotel Sue\u00f1os ubicado en La Escal\u00f3n, comodo, barato","publisher":{"@id":"https:\/\/www.hotelsuenoselsalvador.com\/#organization"},"alternateName":"Hotel Sue\u00f1os SV","potentialAction":[{"@type":"SearchAction","target":{"@type":"EntryPoint","urlTemplate":"https:\/\/www.hotelsuenoselsalvador.com\/?s={search_term_string}"},"query-input":{"@type":"PropertyValueSpecification","valueRequired":true,"valueName":"search_term_string"}}],"inLanguage":"en-US"},{"@type":"Organization","@id":"https:\/\/www.hotelsuenoselsalvador.com\/#organization","name":"Hotel Sue\u00f1os El Salvador","alternateName":"Hotel Sue\u00f1os SV","url":"https:\/\/www.hotelsuenoselsalvador.com\/","logo":{"@type":"ImageObject","inLanguage":"en-US","@id":"https:\/\/www.hotelsuenoselsalvador.com\/#\/schema\/logo\/image\/","url":"https:\/\/www.hotelsuenoselsalvador.com\/wp-content\/uploads\/2025\/10\/cropped-images.png","contentUrl":"https:\/\/www.hotelsuenoselsalvador.com\/wp-content\/uploads\/2025\/10\/cropped-images.png","width":223,"height":186,"caption":"Hotel Sue\u00f1os El Salvador"},"image":{"@id":"https:\/\/www.hotelsuenoselsalvador.com\/#\/schema\/logo\/image\/"},"sameAs":["https:\/\/www.instagram.com\/hotelsuenossv\/"]}]}},"_links":{"self":[{"href":"https:\/\/www.hotelsuenoselsalvador.com\/en\/wp-json\/wp\/v2\/pages\/4624","targetHints":{"allow":["GET"]}}],"collection":[{"href":"https:\/\/www.hotelsuenoselsalvador.com\/en\/wp-json\/wp\/v2\/pages"}],"about":[{"href":"https:\/\/www.hotelsuenoselsalvador.com\/en\/wp-json\/wp\/v2\/types\/page"}],"author":[{"embeddable":true,"href":"https:\/\/www.hotelsuenoselsalvador.com\/en\/wp-json\/wp\/v2\/users\/2"}],"replies":[{"embeddable":true,"href":"https:\/\/www.hotelsuenoselsalvador.com\/en\/wp-json\/wp\/v2\/comments?post=4624"}],"version-history":[{"count":10,"href":"https:\/\/www.hotelsuenoselsalvador.com\/en\/wp-json\/wp\/v2\/pages\/4624\/revisions"}],"predecessor-version":[{"id":9100,"href":"https:\/\/www.hotelsuenoselsalvador.com\/en\/wp-json\/wp\/v2\/pages\/4624\/revisions\/9100"}],"wp:attachment":[{"href":"https:\/\/www.hotelsuenoselsalvador.com\/en\/wp-json\/wp\/v2\/media?parent=4624"}],"curies":[{"name":"wp","href":"https:\/\/api.w.org\/{rel}","templated":true}]}}