{"id":100,"date":"2024-11-06T06:43:41","date_gmt":"2024-11-06T06:43:41","guid":{"rendered":"https:\/\/demo2wpopal.b-cdn.net\/amoja\/?page_id=100"},"modified":"2026-04-07T10:11:10","modified_gmt":"2026-04-07T16:11:10","slug":"contacto","status":"publish","type":"page","link":"https:\/\/www.hotelsuenoselsalvador.com\/en\/contacto\/","title":{"rendered":"Contact"},"content":{"rendered":"<div data-elementor-type=\"wp-page\" data-elementor-id=\"100\" class=\"elementor elementor-100\" data-elementor-post-type=\"page\">\n\t\t\t\t<div class=\"elementor-element elementor-element-720bf7c e-con-full e-flex e-con e-parent\" data-id=\"720bf7c\" data-element_type=\"container\" data-e-type=\"container\">\n\t\t<div class=\"elementor-element elementor-element-a2ed377 e-con-full e-flex e-con e-child\" data-id=\"a2ed377\" data-element_type=\"container\" data-e-type=\"container\" data-settings=\"{&quot;background_background&quot;:&quot;classic&quot;}\">\n\t\t<div class=\"elementor-element elementor-element-0ba761b e-flex e-con-boxed e-con e-child\" data-id=\"0ba761b\" data-element_type=\"container\" data-e-type=\"container\">\n\t\t\t\t\t<div class=\"e-con-inner\">\n\t\t\t\t<div class=\"elementor-element elementor-element-dd42e27 elementor-widget elementor-widget-text-editor\" data-id=\"dd42e27\" data-element_type=\"widget\" data-e-type=\"widget\" data-widget_type=\"text-editor.default\">\n\t\t\t\t\t\t\t\t\t<p>CONTACT US<\/p>\t\t\t\t\t\t\t\t<\/div>\n\t\t\t\t<div class=\"elementor-element elementor-element-53f8949 elementor-widget elementor-widget-heading\" data-id=\"53f8949\" data-element_type=\"widget\" data-e-type=\"widget\" data-widget_type=\"heading.default\">\n\t\t\t\t\t<h3 class=\"elementor-heading-title elementor-size-default\">Thank you for your interest in Hotel Sue\u00f1os.<\/h3>\t\t\t\t<\/div>\n\t\t\t\t\t<\/div>\n\t\t\t\t<\/div>\n\t\t\t\t<\/div>\n\t\t<div class=\"elementor-element elementor-element-9058da8 e-con-full e-flex e-con e-child\" data-id=\"9058da8\" data-element_type=\"container\" data-e-type=\"container\" data-settings=\"{&quot;background_background&quot;:&quot;classic&quot;}\">\n\t\t\t\t<div class=\"elementor-element elementor-element-ad9407f elementor-widget elementor-widget-spacer\" data-id=\"ad9407f\" data-element_type=\"widget\" data-e-type=\"widget\" data-widget_type=\"spacer.default\">\n\t\t\t\t\t\t\t<div class=\"elementor-spacer\">\n\t\t\t<div class=\"elementor-spacer-inner\"><\/div>\n\t\t<\/div>\n\t\t\t\t\t\t<\/div>\n\t\t\t\t<\/div>\n\t\t\t\t<\/div>\n\t\t<div class=\"elementor-element elementor-element-03564b8 e-grid e-con-boxed e-con e-parent\" data-id=\"03564b8\" data-element_type=\"container\" data-e-type=\"container\" data-settings=\"{&quot;background_background&quot;:&quot;classic&quot;}\">\n\t\t\t\t\t<div class=\"e-con-inner\">\n\t\t\t\t<div class=\"elementor-element elementor-element-f526a03 elementor-widget__width-inherit elementor-view-default elementor-position-block-start elementor-mobile-position-block-start elementor-widget elementor-widget-icon-box\" data-id=\"f526a03\" data-element_type=\"widget\" data-e-type=\"widget\" data-widget_type=\"icon-box.default\">\n\t\t\t\t\t\t\t<div class=\"elementor-icon-box-wrapper\">\n\n\t\t\t\t\t\t<div class=\"elementor-icon-box-icon\">\n\t\t\t\t<span  class=\"elementor-icon elementor-animation-grow\">\n\t\t\t\t<i aria-hidden=\"true\" class=\"amoja-icon- amoja-icon-location-1\"><\/i>\t\t\t\t<\/span>\n\t\t\t<\/div>\n\t\t\t\n\t\t\t\t\t\t<div class=\"elementor-icon-box-content\">\n\n\t\t\t\t\t\t\t\t\t<h5 class=\"elementor-icon-box-title\">\n\t\t\t\t\t\t<span  >\n\t\t\t\t\t\t\tAddress\t\t\t\t\t\t<\/span>\n\t\t\t\t\t<\/h5>\n\t\t\t\t\n\t\t\t\t\t\t\t\t\t<p class=\"elementor-icon-box-description\">\n\t\t\t\t\t\t11 Calle Poniente Calle al Mirador 4323, San Salvador El Salvador\t\t\t\t\t<\/p>\n\t\t\t\t\n\t\t\t<\/div>\n\t\t\t\n\t\t<\/div>\n\t\t\t\t\t\t<\/div>\n\t\t\t\t<div class=\"elementor-element elementor-element-0030d93 elementor-widget__width-inherit elementor-view-default elementor-position-block-start elementor-mobile-position-block-start elementor-widget elementor-widget-icon-box\" data-id=\"0030d93\" data-element_type=\"widget\" data-e-type=\"widget\" data-widget_type=\"icon-box.default\">\n\t\t\t\t\t\t\t<div class=\"elementor-icon-box-wrapper\">\n\n\t\t\t\t\t\t<div class=\"elementor-icon-box-icon\">\n\t\t\t\t<span  class=\"elementor-icon elementor-animation-grow\">\n\t\t\t\t<i aria-hidden=\"true\" class=\"amoja-icon- amoja-icon-email\"><\/i>\t\t\t\t<\/span>\n\t\t\t<\/div>\n\t\t\t\n\t\t\t\t\t\t<div class=\"elementor-icon-box-content\">\n\n\t\t\t\t\t\t\t\t\t<h5 class=\"elementor-icon-box-title\">\n\t\t\t\t\t\t<span  >\n\t\t\t\t\t\t\tEmail Us\t\t\t\t\t\t<\/span>\n\t\t\t\t\t<\/h5>\n\t\t\t\t\n\t\t\t\t\t\t\t\t\t<p class=\"elementor-icon-box-description\">\n\t\t\t\t\t\t<a href=\"mailto:dreamsenterprisesv@gmail.com\">dreamsenterprisesv@gmail.com\n<\/a>\t\t\t\t\t<\/p>\n\t\t\t\t\n\t\t\t<\/div>\n\t\t\t\n\t\t<\/div>\n\t\t\t\t\t\t<\/div>\n\t\t\t\t<div class=\"elementor-element elementor-element-0afa14b elementor-widget__width-inherit elementor-view-default elementor-position-block-start elementor-mobile-position-block-start elementor-widget elementor-widget-icon-box\" data-id=\"0afa14b\" data-element_type=\"widget\" data-e-type=\"widget\" data-widget_type=\"icon-box.default\">\n\t\t\t\t\t\t\t<div class=\"elementor-icon-box-wrapper\">\n\n\t\t\t\t\t\t<div class=\"elementor-icon-box-icon\">\n\t\t\t\t<span  class=\"elementor-icon elementor-animation-grow\">\n\t\t\t\t<i aria-hidden=\"true\" class=\"amoja-icon- amoja-icon-telephone\"><\/i>\t\t\t\t<\/span>\n\t\t\t<\/div>\n\t\t\t\n\t\t\t\t\t\t<div class=\"elementor-icon-box-content\">\n\n\t\t\t\t\t\t\t\t\t<h5 class=\"elementor-icon-box-title\">\n\t\t\t\t\t\t<span  >\n\t\t\t\t\t\t\tPhone\t\t\t\t\t\t<\/span>\n\t\t\t\t\t<\/h5>\n\t\t\t\t\n\t\t\t\t\t\t\t\t\t<p class=\"elementor-icon-box-description\">\n\t\t\t\t\t\t<a href=\"tel:+50325000934\">+503 25000934\n<\/a>\t\t\t\t\t<\/p>\n\t\t\t\t\n\t\t\t<\/div>\n\t\t\t\n\t\t<\/div>\n\t\t\t\t\t\t<\/div>\n\t\t\t\t\t<\/div>\n\t\t\t\t<\/div>\n\t\t<div class=\"elementor-element elementor-element-4d02e55 e-flex e-con-boxed e-con e-parent\" data-id=\"4d02e55\" data-element_type=\"container\" data-e-type=\"container\" data-settings=\"{&quot;background_background&quot;:&quot;classic&quot;}\">\n\t\t\t\t\t<div class=\"e-con-inner\">\n\t\t\t\t<div class=\"elementor-element elementor-element-e27d7cc elementor-widget elementor-widget-text-editor\" data-id=\"e27d7cc\" data-element_type=\"widget\" data-e-type=\"widget\" data-widget_type=\"text-editor.default\">\n\t\t\t\t\t\t\t\t\t<p>CONTACT US NOW<\/p>\t\t\t\t\t\t\t\t<\/div>\n\t\t\t\t<div class=\"elementor-element elementor-element-c7a8588 elementor-widget elementor-widget-heading\" data-id=\"c7a8588\" data-element_type=\"widget\" data-e-type=\"widget\" data-widget_type=\"heading.default\">\n\t\t\t\t\t<h2 class=\"elementor-heading-title elementor-size-default\">Plan Your Stay Today<\/h2>\t\t\t\t<\/div>\n\t\t\t\t<div class=\"elementor-element elementor-element-4ad73dd elementor-widget elementor-widget-text-editor\" data-id=\"4ad73dd\" data-element_type=\"widget\" data-e-type=\"widget\" data-widget_type=\"text-editor.default\">\n\t\t\t\t\t\t\t\t\t<p><span style=\"font-weight: 400;\">We are here to help you plan the perfect stay, whether for business, family vacations, romantic getaways, or corporate retreats.<\/span><\/p><p>Fill out the form or contact us directly via WhatsApp to confirm availability and rates.<\/p>\t\t\t\t\t\t\t\t<\/div>\n\t\t\t\t<div class=\"elementor-element elementor-element-c8cb288 elementor-widget elementor-widget-amoja-contactform\" data-id=\"c8cb288\" data-element_type=\"widget\" data-e-type=\"widget\" data-widget_type=\"amoja-contactform.default\">\n\t\t\t\t<div class=\"elementor-widget-container\">\n\t\t\t\t\t\n<div class=\"wpcf7 no-js\" id=\"wpcf7-f85-o1\" lang=\"en-US\" dir=\"ltr\" data-wpcf7-id=\"85\">\n<div class=\"screen-reader-response\"><p role=\"status\" aria-live=\"polite\" aria-atomic=\"true\"><\/p> <ul><\/ul><\/div>\n<form action=\"\/en\/wp-json\/wp\/v2\/pages\/100#wpcf7-f85-o1\" method=\"post\" class=\"wpcf7-form init\" aria-label=\"Contact form\" novalidate=\"novalidate\" data-status=\"init\" data-trp-original-action=\"\/en\/wp-json\/wp\/v2\/pages\/100#wpcf7-f85-o1\">\n<fieldset class=\"hidden-fields-container\"><input type=\"hidden\" name=\"_wpcf7\" value=\"85\" \/><input type=\"hidden\" name=\"_wpcf7_version\" value=\"6.1.5\" \/><input type=\"hidden\" name=\"_wpcf7_locale\" value=\"en_US\" \/><input type=\"hidden\" name=\"_wpcf7_unit_tag\" value=\"wpcf7-f85-o1\" \/><input type=\"hidden\" name=\"_wpcf7_container_post\" value=\"0\" \/><input type=\"hidden\" name=\"_wpcf7_posted_data_hash\" value=\"\" \/>\n<\/fieldset>\n<div class=\"contact-form-custom\">\n\t<p><br \/>\n<label>Full Name<br \/>\n<span class=\"wpcf7-form-control-wrap\" data-name=\"your-name\"><input size=\"40\" maxlength=\"400\" class=\"wpcf7-form-control wpcf7-text wpcf7-validates-as-required\" autocomplete=\"name\" aria-required=\"true\" aria-invalid=\"false\" placeholder=\"Enter your full name\" value=\"\" type=\"text\" name=\"your-name\" \/><\/span><br \/>\n<\/label>\n\t<\/p>\n\t<p><br \/>\n<label>Email Address<br \/>\n<span class=\"wpcf7-form-control-wrap\" data-name=\"your-email\"><input size=\"40\" maxlength=\"400\" class=\"wpcf7-form-control wpcf7-email wpcf7-validates-as-required wpcf7-text wpcf7-validates-as-email\" autocomplete=\"email\" aria-required=\"true\" aria-invalid=\"false\" placeholder=\"Enter your email address\" value=\"\" type=\"email\" name=\"your-email\" \/><\/span><br \/>\n<\/label>\n\t<\/p>\n\t<p><br \/>\n<label>Phone<br \/>\n<span class=\"wpcf7-form-control-wrap\" data-name=\"your-phone\"><input size=\"40\" maxlength=\"400\" class=\"wpcf7-form-control wpcf7-tel wpcf7-validates-as-required wpcf7-text wpcf7-validates-as-tel\" aria-required=\"true\" aria-invalid=\"false\" placeholder=\"Enter your phone number\" value=\"\" type=\"tel\" name=\"your-phone\" \/><\/span><br \/>\n<\/label>\n\t<\/p>\n\t<div class=\"row\">\n\t\t<div class=\"column-flex-50\">\n\t\t\t<p><label>Check-in Date<br \/>\n<span class=\"wpcf7-form-control-wrap\" data-name=\"arrival-date\"><input class=\"wpcf7-form-control wpcf7-date wpcf7-validates-as-required wpcf7-validates-as-date\" aria-required=\"true\" aria-invalid=\"false\" placeholder=\"Selecciona fecha de llegada\" value=\"\" type=\"date\" name=\"arrival-date\" \/><\/span><br \/>\n<\/label>\n\t\t\t<\/p>\n\t\t<\/div>\n\t\t<div class=\"column-flex-50\">\n\t\t\t<p><label>Check-out Date<br \/>\n<span class=\"wpcf7-form-control-wrap\" data-name=\"departure-date\"><input class=\"wpcf7-form-control wpcf7-date wpcf7-validates-as-required wpcf7-validates-as-date\" aria-required=\"true\" aria-invalid=\"false\" placeholder=\"Selecciona fecha de salida\" value=\"\" type=\"date\" name=\"departure-date\" \/><\/span><br \/>\n<\/label>\n\t\t\t<\/p>\n\t\t<\/div>\n\t<\/div>\n\t<p><br \/>\n<label>Number of Guests<br \/>\n<span class=\"wpcf7-form-control-wrap\" data-name=\"guests\"><input class=\"wpcf7-form-control wpcf7-number wpcf7-validates-as-required wpcf7-validates-as-number\" min=\"1\" max=\"20\" aria-required=\"true\" aria-invalid=\"false\" placeholder=\"e.g. 2\" value=\"\" type=\"number\" name=\"guests\" \/><\/span><br \/>\n<\/label>\n\t<\/p>\n\t<p><br \/>\n<label>Message or Special Request<br \/>\n<span class=\"wpcf7-form-control-wrap\" data-name=\"your-message\"><textarea cols=\"40\" rows=\"4\" maxlength=\"2000\" class=\"wpcf7-form-control wpcf7-textarea wpcf7-validates-as-required\" aria-required=\"true\" aria-invalid=\"false\" placeholder=\"Write your message or request\" name=\"your-message\"><\/textarea><\/span><br \/>\n<\/label>\n\t<\/p>\n\t<div class=\"wpcf7-button elementor-button-default elementor-widget-button\">\n\t\t<p><button type=\"submit\" class=\"elementor-button\"><br \/>\n<span class=\"elementor-button-content-wrapper\"><br \/>\n<span class=\"elementor-button-text\">SEND<\/span><br \/>\n<span class=\"elementor-button-icon\"><i class=\"amoja-icon-arrow-right\"><\/i><\/span><br \/>\n<\/span><br \/>\n<\/button>\n\t\t<\/p>\n\t<\/div>\n<\/div><div class=\"wpcf7-response-output\" aria-hidden=\"true\"><\/div>\n<input type=\"hidden\" name=\"trp-form-language\" value=\"en\"\/><\/form>\n<\/div>\n\t\t\t\t<\/div>\n\t\t\t\t<\/div>\n\t\t\t\t\t<\/div>\n\t\t\t\t<\/div>\n\t\t\t\t<\/div>","protected":false},"excerpt":{"rendered":"<p>Cont\u00e1ctanos Gracias por tu inter\u00e9s en Hotel Sue\u00f1os. Direcci\u00f3n 11 Calle Poniente Calle al Mirador 4323, San Salvador El Salvador Escribenos dreamsenterprisesv@gmail.com Tel\u00e9fono +503 25000934 Cont\u00e1ctanos ahora Planifique su estad\u00eda hoy mismo Estamos aqu\u00ed para ayudarte a planificar una estancia perfecta, ya sea por negocios, vacaciones familiares, escapadas rom\u00e1nticas o retiros corporativos. Completa el formulario [&hellip;]<\/p>\n","protected":false},"author":2,"featured_media":0,"parent":0,"menu_order":0,"comment_status":"closed","ping_status":"closed","template":"","meta":{"inline_featured_image":false,"slim_seo":{"title":"Contacto - Hotel Sue\u00f1os El Salvador","description":"Cont\u00e1ctanos Gracias por tu inter\u00e9s en Hotel Sue\u00f1os. Direcci\u00f3n 11 Calle Poniente Calle al Mirador 4323, San Salvador El Salvador Escribenos dreamsenterprisesv@gm"},"footnotes":""},"class_list":["post-100","page","type-page","status-publish","hentry"],"yoast_head":"<!-- This site is optimized with the Yoast SEO plugin v27.3 - https:\/\/yoast.com\/product\/yoast-seo-wordpress\/ -->\n<title>Contacto Hotel Sue\u00f1os El Salvador | Reserva tu Habitaci\u00f3n<\/title>\n<meta name=\"description\" content=\"Contacto Hotel Sue\u00f1os El Salvador: escr\u00edbenos, ll\u00e1manos o env\u00edanos un WhatsApp para reservar tu habitaci\u00f3n y planificar tu estancia.\" \/>\n<meta name=\"robots\" content=\"index, follow, max-snippet:-1, max-image-preview:large, max-video-preview:-1\" \/>\n<link rel=\"canonical\" href=\"https:\/\/www.hotelsuenoselsalvador.com\/en\/contacto\/\" \/>\n<meta property=\"og:locale\" content=\"en_US\" \/>\n<meta property=\"og:type\" content=\"article\" \/>\n<meta property=\"og:title\" content=\"Contacto Hotel Sue\u00f1os El Salvador | Reserva tu Habitaci\u00f3n\" \/>\n<meta property=\"og:description\" content=\"Contacto Hotel Sue\u00f1os El Salvador: escr\u00edbenos, ll\u00e1manos o env\u00edanos un WhatsApp para reservar tu habitaci\u00f3n y planificar tu estancia.\" \/>\n<meta property=\"og:url\" content=\"https:\/\/www.hotelsuenoselsalvador.com\/en\/contacto\/\" \/>\n<meta property=\"og:site_name\" content=\"Hotel Sue\u00f1os El Salvador\" \/>\n<meta property=\"article:modified_time\" content=\"2026-04-07T16:11:10+00:00\" \/>\n<meta property=\"og:image\" content=\"https:\/\/www.hotelsuenoselsalvador.com\/wp-content\/uploads\/2025\/11\/website.png\" \/>\n\t<meta property=\"og:image:width\" content=\"1872\" \/>\n\t<meta property=\"og:image:height\" content=\"851\" \/>\n\t<meta property=\"og:image:type\" content=\"image\/png\" \/>\n<meta name=\"twitter:card\" content=\"summary_large_image\" \/>\n<meta name=\"twitter:label1\" content=\"Est. reading time\" \/>\n\t<meta name=\"twitter:data1\" content=\"1 minute\" \/>\n<script type=\"application\/ld+json\" class=\"yoast-schema-graph\">{\"@context\":\"https:\\\/\\\/schema.org\",\"@graph\":[{\"@type\":\"WebPage\",\"@id\":\"https:\\\/\\\/www.hotelsuenoselsalvador.com\\\/contacto\\\/\",\"url\":\"https:\\\/\\\/www.hotelsuenoselsalvador.com\\\/contacto\\\/\",\"name\":\"Contacto Hotel Sue\u00f1os El Salvador | Reserva tu Habitaci\u00f3n\",\"isPartOf\":{\"@id\":\"https:\\\/\\\/www.hotelsuenoselsalvador.com\\\/#website\"},\"datePublished\":\"2024-11-06T06:43:41+00:00\",\"dateModified\":\"2026-04-07T16:11:10+00:00\",\"description\":\"Contacto Hotel Sue\u00f1os El Salvador: escr\u00edbenos, ll\u00e1manos o env\u00edanos un WhatsApp para reservar tu habitaci\u00f3n y planificar tu estancia.\",\"breadcrumb\":{\"@id\":\"https:\\\/\\\/www.hotelsuenoselsalvador.com\\\/contacto\\\/#breadcrumb\"},\"inLanguage\":\"en-US\",\"potentialAction\":[{\"@type\":\"ReadAction\",\"target\":[\"https:\\\/\\\/www.hotelsuenoselsalvador.com\\\/contacto\\\/\"]}]},{\"@type\":\"BreadcrumbList\",\"@id\":\"https:\\\/\\\/www.hotelsuenoselsalvador.com\\\/contacto\\\/#breadcrumb\",\"itemListElement\":[{\"@type\":\"ListItem\",\"position\":1,\"name\":\"Home\",\"item\":\"https:\\\/\\\/www.hotelsuenoselsalvador.com\\\/\"},{\"@type\":\"ListItem\",\"position\":2,\"name\":\"Contacto\"}]},{\"@type\":\"WebSite\",\"@id\":\"https:\\\/\\\/www.hotelsuenoselsalvador.com\\\/#website\",\"url\":\"https:\\\/\\\/www.hotelsuenoselsalvador.com\\\/\",\"name\":\"Hotel Sue\u00f1os El Salvador\",\"description\":\"Hotel Sue\u00f1os ubicado en La Escal\u00f3n, comodo, barato\",\"publisher\":{\"@id\":\"https:\\\/\\\/www.hotelsuenoselsalvador.com\\\/#organization\"},\"alternateName\":\"Hotel Sue\u00f1os SV\",\"potentialAction\":[{\"@type\":\"SearchAction\",\"target\":{\"@type\":\"EntryPoint\",\"urlTemplate\":\"https:\\\/\\\/www.hotelsuenoselsalvador.com\\\/?s={search_term_string}\"},\"query-input\":{\"@type\":\"PropertyValueSpecification\",\"valueRequired\":true,\"valueName\":\"search_term_string\"}}],\"inLanguage\":\"en-US\"},{\"@type\":\"Organization\",\"@id\":\"https:\\\/\\\/www.hotelsuenoselsalvador.com\\\/#organization\",\"name\":\"Hotel Sue\u00f1os El Salvador\",\"alternateName\":\"Hotel Sue\u00f1os SV\",\"url\":\"https:\\\/\\\/www.hotelsuenoselsalvador.com\\\/\",\"logo\":{\"@type\":\"ImageObject\",\"inLanguage\":\"en-US\",\"@id\":\"https:\\\/\\\/www.hotelsuenoselsalvador.com\\\/#\\\/schema\\\/logo\\\/image\\\/\",\"url\":\"https:\\\/\\\/www.hotelsuenoselsalvador.com\\\/wp-content\\\/uploads\\\/2025\\\/10\\\/cropped-images.png\",\"contentUrl\":\"https:\\\/\\\/www.hotelsuenoselsalvador.com\\\/wp-content\\\/uploads\\\/2025\\\/10\\\/cropped-images.png\",\"width\":223,\"height\":186,\"caption\":\"Hotel Sue\u00f1os El Salvador\"},\"image\":{\"@id\":\"https:\\\/\\\/www.hotelsuenoselsalvador.com\\\/#\\\/schema\\\/logo\\\/image\\\/\"},\"sameAs\":[\"https:\\\/\\\/www.instagram.com\\\/hotelsuenossv\\\/\"]}]}<\/script>\n<!-- \/ Yoast SEO plugin. -->","yoast_head_json":{"title":"Contacto Hotel Sue\u00f1os El Salvador | Reserva tu Habitaci\u00f3n","description":"Contacto Hotel Sue\u00f1os El Salvador: escr\u00edbenos, ll\u00e1manos o env\u00edanos un WhatsApp para reservar tu habitaci\u00f3n y planificar tu estancia.","robots":{"index":"index","follow":"follow","max-snippet":"max-snippet:-1","max-image-preview":"max-image-preview:large","max-video-preview":"max-video-preview:-1"},"canonical":"https:\/\/www.hotelsuenoselsalvador.com\/en\/contacto\/","og_locale":"en_US","og_type":"article","og_title":"Contacto Hotel Sue\u00f1os El Salvador | Reserva tu Habitaci\u00f3n","og_description":"Contacto Hotel Sue\u00f1os El Salvador: escr\u00edbenos, ll\u00e1manos o env\u00edanos un WhatsApp para reservar tu habitaci\u00f3n y planificar tu estancia.","og_url":"https:\/\/www.hotelsuenoselsalvador.com\/en\/contacto\/","og_site_name":"Hotel Sue\u00f1os El Salvador","article_modified_time":"2026-04-07T16:11:10+00:00","og_image":[{"width":1872,"height":851,"url":"https:\/\/www.hotelsuenoselsalvador.com\/wp-content\/uploads\/2025\/11\/website.png","type":"image\/png"}],"twitter_card":"summary_large_image","twitter_misc":{"Est. reading time":"1 minute"},"schema":{"@context":"https:\/\/schema.org","@graph":[{"@type":"WebPage","@id":"https:\/\/www.hotelsuenoselsalvador.com\/contacto\/","url":"https:\/\/www.hotelsuenoselsalvador.com\/contacto\/","name":"Contacto Hotel Sue\u00f1os El Salvador | Reserva tu Habitaci\u00f3n","isPartOf":{"@id":"https:\/\/www.hotelsuenoselsalvador.com\/#website"},"datePublished":"2024-11-06T06:43:41+00:00","dateModified":"2026-04-07T16:11:10+00:00","description":"Contacto Hotel Sue\u00f1os El Salvador: escr\u00edbenos, ll\u00e1manos o env\u00edanos un WhatsApp para reservar tu habitaci\u00f3n y planificar tu estancia.","breadcrumb":{"@id":"https:\/\/www.hotelsuenoselsalvador.com\/contacto\/#breadcrumb"},"inLanguage":"en-US","potentialAction":[{"@type":"ReadAction","target":["https:\/\/www.hotelsuenoselsalvador.com\/contacto\/"]}]},{"@type":"BreadcrumbList","@id":"https:\/\/www.hotelsuenoselsalvador.com\/contacto\/#breadcrumb","itemListElement":[{"@type":"ListItem","position":1,"name":"Home","item":"https:\/\/www.hotelsuenoselsalvador.com\/"},{"@type":"ListItem","position":2,"name":"Contacto"}]},{"@type":"WebSite","@id":"https:\/\/www.hotelsuenoselsalvador.com\/#website","url":"https:\/\/www.hotelsuenoselsalvador.com\/","name":"Hotel Sue\u00f1os El Salvador","description":"Hotel Sue\u00f1os ubicado en La Escal\u00f3n, comodo, barato","publisher":{"@id":"https:\/\/www.hotelsuenoselsalvador.com\/#organization"},"alternateName":"Hotel Sue\u00f1os SV","potentialAction":[{"@type":"SearchAction","target":{"@type":"EntryPoint","urlTemplate":"https:\/\/www.hotelsuenoselsalvador.com\/?s={search_term_string}"},"query-input":{"@type":"PropertyValueSpecification","valueRequired":true,"valueName":"search_term_string"}}],"inLanguage":"en-US"},{"@type":"Organization","@id":"https:\/\/www.hotelsuenoselsalvador.com\/#organization","name":"Hotel Sue\u00f1os El Salvador","alternateName":"Hotel Sue\u00f1os SV","url":"https:\/\/www.hotelsuenoselsalvador.com\/","logo":{"@type":"ImageObject","inLanguage":"en-US","@id":"https:\/\/www.hotelsuenoselsalvador.com\/#\/schema\/logo\/image\/","url":"https:\/\/www.hotelsuenoselsalvador.com\/wp-content\/uploads\/2025\/10\/cropped-images.png","contentUrl":"https:\/\/www.hotelsuenoselsalvador.com\/wp-content\/uploads\/2025\/10\/cropped-images.png","width":223,"height":186,"caption":"Hotel Sue\u00f1os El Salvador"},"image":{"@id":"https:\/\/www.hotelsuenoselsalvador.com\/#\/schema\/logo\/image\/"},"sameAs":["https:\/\/www.instagram.com\/hotelsuenossv\/"]}]}},"_links":{"self":[{"href":"https:\/\/www.hotelsuenoselsalvador.com\/en\/wp-json\/wp\/v2\/pages\/100","targetHints":{"allow":["GET"]}}],"collection":[{"href":"https:\/\/www.hotelsuenoselsalvador.com\/en\/wp-json\/wp\/v2\/pages"}],"about":[{"href":"https:\/\/www.hotelsuenoselsalvador.com\/en\/wp-json\/wp\/v2\/types\/page"}],"author":[{"embeddable":true,"href":"https:\/\/www.hotelsuenoselsalvador.com\/en\/wp-json\/wp\/v2\/users\/2"}],"replies":[{"embeddable":true,"href":"https:\/\/www.hotelsuenoselsalvador.com\/en\/wp-json\/wp\/v2\/comments?post=100"}],"version-history":[{"count":10,"href":"https:\/\/www.hotelsuenoselsalvador.com\/en\/wp-json\/wp\/v2\/pages\/100\/revisions"}],"predecessor-version":[{"id":7921,"href":"https:\/\/www.hotelsuenoselsalvador.com\/en\/wp-json\/wp\/v2\/pages\/100\/revisions\/7921"}],"wp:attachment":[{"href":"https:\/\/www.hotelsuenoselsalvador.com\/en\/wp-json\/wp\/v2\/media?parent=100"}],"curies":[{"name":"wp","href":"https:\/\/api.w.org\/{rel}","templated":true}]}}